{"id":537,"date":"2025-12-03T14:50:58","date_gmt":"2025-12-03T14:50:58","guid":{"rendered":"https:\/\/chambre-dhotes-leprieuredesaintpierre.com\/?page_id=537"},"modified":"2025-12-05T16:28:59","modified_gmt":"2025-12-05T16:28:59","slug":"accueil-nouveau","status":"publish","type":"page","link":"https:\/\/chambre-dhotes-leprieuredesaintpierre.com\/","title":{"rendered":"Accueil &#8211; Nouveau"},"content":{"rendered":"\t\t<div data-elementor-type=\"wp-page\" data-elementor-id=\"537\" class=\"elementor elementor-537\">\n\t\t\t\t<div class=\"elementor-element elementor-element-2fc6f16 e-flex e-con-boxed e-con e-parent\" data-id=\"2fc6f16\" data-element_type=\"container\" data-settings=\"{&quot;background_background&quot;:&quot;classic&quot;}\">\n\t\t\t\t\t<div class=\"e-con-inner\">\n\t\t\t\t<div class=\"elementor-element elementor-element-49ed9f8 elementor-widget elementor-widget-heading\" data-id=\"49ed9f8\" data-element_type=\"widget\" data-widget_type=\"heading.default\">\n\t\t\t\t\t<h2 class=\"elementor-heading-title elementor-size-default\">Chambres d'h\u00f4tes de charme<\/h2>\t\t\t\t<\/div>\n\t\t\t\t<div class=\"elementor-element elementor-element-83a9e6d elementor-align-center elementor-widget elementor-widget-button\" data-id=\"83a9e6d\" data-element_type=\"widget\" data-widget_type=\"button.default\">\n\t\t\t\t\t\t\t\t\t\t<a class=\"elementor-button elementor-button-link elementor-size-sm\" href=\"#\">\n\t\t\t\t\t\t<span class=\"elementor-button-content-wrapper\">\n\t\t\t\t\t\t\t\t\t<span class=\"elementor-button-text\">D\u00e9couvrir nos chambres<\/span>\n\t\t\t\t\t<\/span>\n\t\t\t\t\t<\/a>\n\t\t\t\t\t\t\t\t<\/div>\n\t\t\t\t\t<\/div>\n\t\t\t\t<\/div>\n\t\t<div class=\"elementor-element elementor-element-1c655f4 e-flex e-con-boxed e-con e-parent\" data-id=\"1c655f4\" data-element_type=\"container\">\n\t\t\t\t\t<div class=\"e-con-inner\">\n\t\t<div class=\"elementor-element elementor-element-3689c84 e-con-full e-flex e-con e-child\" data-id=\"3689c84\" data-element_type=\"container\">\n\t\t\t\t<div class=\"elementor-element elementor-element-9a36220 elementor-widget elementor-widget-image\" data-id=\"9a36220\" data-element_type=\"widget\" data-widget_type=\"image.default\">\n\t\t\t\t\t\t\t\t\t\t\t\t\t\t\t<img fetchpriority=\"high\" decoding=\"async\" width=\"1920\" height=\"2560\" src=\"http:\/\/chambre-dhotes-leprieuredesaintpierre.com\/wp-content\/uploads\/2025\/11\/IMG_20220711_221216-scaled.jpg\" class=\"attachment-full size-full wp-image-144\" alt=\"\" srcset=\"http:\/\/chambre-dhotes-leprieuredesaintpierre.com\/wp-content\/uploads\/2025\/11\/IMG_20220711_221216-scaled.jpg 1920w, http:\/\/chambre-dhotes-leprieuredesaintpierre.com\/wp-content\/uploads\/2025\/11\/IMG_20220711_221216-225x300.jpg 225w, http:\/\/chambre-dhotes-leprieuredesaintpierre.com\/wp-content\/uploads\/2025\/11\/IMG_20220711_221216-768x1024.jpg 768w, http:\/\/chambre-dhotes-leprieuredesaintpierre.com\/wp-content\/uploads\/2025\/11\/IMG_20220711_221216-1152x1536.jpg 1152w, http:\/\/chambre-dhotes-leprieuredesaintpierre.com\/wp-content\/uploads\/2025\/11\/IMG_20220711_221216-1536x2048.jpg 1536w\" sizes=\"(max-width: 1920px) 100vw, 1920px\" \/>\t\t\t\t\t\t\t\t\t\t\t\t\t\t\t<\/div>\n\t\t\t\t<\/div>\n\t\t<div class=\"elementor-element elementor-element-0c25ac4 e-con-full e-flex e-con e-child\" data-id=\"0c25ac4\" data-element_type=\"container\">\n\t\t\t\t<div class=\"elementor-element elementor-element-658ab86 elementor-widget-divider--view-line elementor-widget elementor-widget-divider\" data-id=\"658ab86\" data-element_type=\"widget\" data-widget_type=\"divider.default\">\n\t\t\t\t\t\t\t<div class=\"elementor-divider\">\n\t\t\t<span class=\"elementor-divider-separator\">\n\t\t\t\t\t\t<\/span>\n\t\t<\/div>\n\t\t\t\t\t\t<\/div>\n\t\t\t\t<div class=\"elementor-element elementor-element-1ebef92 elementor-widget elementor-widget-heading\" data-id=\"1ebef92\" data-element_type=\"widget\" data-widget_type=\"heading.default\">\n\t\t\t\t\t<h2 class=\"elementor-heading-title elementor-size-default\">Bienvenue au Prieur\u00e9<\/h2>\t\t\t\t<\/div>\n\t\t\t\t<div class=\"elementor-element elementor-element-62956da elementor-widget elementor-widget-text-editor\" data-id=\"62956da\" data-element_type=\"widget\" data-widget_type=\"text-editor.default\">\n\t\t\t\t\t\t\t\t\t<p data-path-to-node=\"2,1\">Nich\u00e9 au c\u0153ur du charmant village de Saint Pey de Castets, notre maison d\u2019h\u00f4tes vous ouvre ses portes pour une parenth\u00e8se de calme et d\u2019authenticit\u00e9.<\/p><p data-path-to-node=\"2,2\">Venez profiter du charme des vieilles pierres et de la douceur de vivre de notre r\u00e9gion. Que ce soit pour une escapade romantique ou un s\u00e9jour d\u00e9couverte, nous serons ravis de partager avec vous l&#8217;histoire de notre demeure.<\/p>\t\t\t\t\t\t\t\t<\/div>\n\t\t\t\t<\/div>\n\t\t\t\t\t<\/div>\n\t\t\t\t<\/div>\n\t\t<div class=\"elementor-element elementor-element-12b5efb e-flex e-con-boxed e-con e-parent\" data-id=\"12b5efb\" data-element_type=\"container\">\n\t\t\t\t\t<div class=\"e-con-inner\">\n\t\t\t\t<div class=\"elementor-element elementor-element-d1fa688 elementor-widget elementor-widget-heading\" data-id=\"d1fa688\" data-element_type=\"widget\" data-widget_type=\"heading.default\">\n\t\t\t\t\t<h2 class=\"elementor-heading-title elementor-size-default\">Nos Chambres<\/h2>\t\t\t\t<\/div>\n\t\t\t\t\t<\/div>\n\t\t\t\t<\/div>\n\t\t<div class=\"elementor-element elementor-element-9ce3a26 e-flex e-con-boxed e-con e-parent\" data-id=\"9ce3a26\" data-element_type=\"container\">\n\t\t\t\t\t<div class=\"e-con-inner\">\n\t\t<div class=\"elementor-element elementor-element-6bf197a e-con-full e-flex e-con e-child\" data-id=\"6bf197a\" data-element_type=\"container\">\n\t\t\t\t<div class=\"elementor-element elementor-element-afa2776 elementor-position-top elementor-widget elementor-widget-image-box\" data-id=\"afa2776\" data-element_type=\"widget\" data-widget_type=\"image-box.default\">\n\t\t\t\t\t<div class=\"elementor-image-box-wrapper\"><figure class=\"elementor-image-box-img\"><img decoding=\"async\" width=\"2049\" height=\"1536\" src=\"http:\/\/chambre-dhotes-leprieuredesaintpierre.com\/wp-content\/uploads\/2025\/11\/017480e543b9ef741be380e54928326b739deb737d.jpg\" class=\"attachment-full size-full wp-image-104\" alt=\"\" srcset=\"https:\/\/chambre-dhotes-leprieuredesaintpierre.com\/wp-content\/uploads\/2025\/11\/017480e543b9ef741be380e54928326b739deb737d.jpg 2049w, https:\/\/chambre-dhotes-leprieuredesaintpierre.com\/wp-content\/uploads\/2025\/11\/017480e543b9ef741be380e54928326b739deb737d-300x225.jpg 300w, https:\/\/chambre-dhotes-leprieuredesaintpierre.com\/wp-content\/uploads\/2025\/11\/017480e543b9ef741be380e54928326b739deb737d-1024x768.jpg 1024w, https:\/\/chambre-dhotes-leprieuredesaintpierre.com\/wp-content\/uploads\/2025\/11\/017480e543b9ef741be380e54928326b739deb737d-768x576.jpg 768w, https:\/\/chambre-dhotes-leprieuredesaintpierre.com\/wp-content\/uploads\/2025\/11\/017480e543b9ef741be380e54928326b739deb737d-1536x1151.jpg 1536w\" sizes=\"(max-width: 2049px) 100vw, 2049px\" \/><\/figure><div class=\"elementor-image-box-content\"><h3 class=\"elementor-image-box-title\">Chambre 30's<\/h3><p class=\"elementor-image-box-description\">Spacieuse et chaleureuse, cette chambre de 34 M\u00b2 offre une ambiance inspir\u00e9e des ann\u00e9es 30.\nElle dispose d'un lit double confortable ainsi que d'une salle de bain priv\u00e9e.\nLe petit d\u00e9jeuner est inclus dans votre s\u00e9jour<\/p><\/div><\/div>\t\t\t\t<\/div>\n\t\t\t\t<\/div>\n\t\t<div class=\"elementor-element elementor-element-8dd8e0a e-con-full e-flex e-con e-child\" data-id=\"8dd8e0a\" data-element_type=\"container\">\n\t\t\t\t<div class=\"elementor-element elementor-element-c0a0d78 elementor-position-top elementor-widget elementor-widget-image-box\" data-id=\"c0a0d78\" data-element_type=\"widget\" data-widget_type=\"image-box.default\">\n\t\t\t\t\t<div class=\"elementor-image-box-wrapper\"><figure class=\"elementor-image-box-img\"><img decoding=\"async\" width=\"2560\" height=\"1920\" src=\"http:\/\/chambre-dhotes-leprieuredesaintpierre.com\/wp-content\/uploads\/2025\/11\/IMG_9063-scaled.jpg\" class=\"attachment-full size-full wp-image-64\" alt=\"\" srcset=\"https:\/\/chambre-dhotes-leprieuredesaintpierre.com\/wp-content\/uploads\/2025\/11\/IMG_9063-scaled.jpg 2560w, https:\/\/chambre-dhotes-leprieuredesaintpierre.com\/wp-content\/uploads\/2025\/11\/IMG_9063-300x225.jpg 300w, https:\/\/chambre-dhotes-leprieuredesaintpierre.com\/wp-content\/uploads\/2025\/11\/IMG_9063-1024x768.jpg 1024w, https:\/\/chambre-dhotes-leprieuredesaintpierre.com\/wp-content\/uploads\/2025\/11\/IMG_9063-768x576.jpg 768w, https:\/\/chambre-dhotes-leprieuredesaintpierre.com\/wp-content\/uploads\/2025\/11\/IMG_9063-1536x1152.jpg 1536w, https:\/\/chambre-dhotes-leprieuredesaintpierre.com\/wp-content\/uploads\/2025\/11\/IMG_9063-2048x1536.jpg 2048w\" sizes=\"(max-width: 2560px) 100vw, 2560px\" \/><\/figure><div class=\"elementor-image-box-content\"><h3 class=\"elementor-image-box-title\">Chambre Le Prieur\u00e9<\/h3><p class=\"elementor-image-box-description\">Chambre authentique qui allie pierre, bois et lumi\u00e8re douce.\nElle offre une atmosph\u00e8re chaleureuse et reposante.\nVous profitez d'un lit double confortable, d'une salle de bain privative.\nLe petit d\u00e9jeuner est inclus.<\/p><\/div><\/div>\t\t\t\t<\/div>\n\t\t\t\t<\/div>\n\t\t<div class=\"elementor-element elementor-element-c843b07 e-con-full e-flex e-con e-child\" data-id=\"c843b07\" data-element_type=\"container\">\n\t\t\t\t<div class=\"elementor-element elementor-element-5cde754 elementor-position-top elementor-widget elementor-widget-image-box\" data-id=\"5cde754\" data-element_type=\"widget\" data-widget_type=\"image-box.default\">\n\t\t\t\t\t<div class=\"elementor-image-box-wrapper\"><figure class=\"elementor-image-box-img\"><img loading=\"lazy\" decoding=\"async\" width=\"2049\" height=\"1536\" src=\"http:\/\/chambre-dhotes-leprieuredesaintpierre.com\/wp-content\/uploads\/2025\/12\/01de34229b9a1b501d073862718b7dfaef1ed6b987.jpg\" class=\"attachment-full size-full wp-image-594\" alt=\"\" srcset=\"https:\/\/chambre-dhotes-leprieuredesaintpierre.com\/wp-content\/uploads\/2025\/12\/01de34229b9a1b501d073862718b7dfaef1ed6b987.jpg 2049w, https:\/\/chambre-dhotes-leprieuredesaintpierre.com\/wp-content\/uploads\/2025\/12\/01de34229b9a1b501d073862718b7dfaef1ed6b987-300x225.jpg 300w, https:\/\/chambre-dhotes-leprieuredesaintpierre.com\/wp-content\/uploads\/2025\/12\/01de34229b9a1b501d073862718b7dfaef1ed6b987-1024x768.jpg 1024w, https:\/\/chambre-dhotes-leprieuredesaintpierre.com\/wp-content\/uploads\/2025\/12\/01de34229b9a1b501d073862718b7dfaef1ed6b987-768x576.jpg 768w, https:\/\/chambre-dhotes-leprieuredesaintpierre.com\/wp-content\/uploads\/2025\/12\/01de34229b9a1b501d073862718b7dfaef1ed6b987-1536x1151.jpg 1536w, https:\/\/chambre-dhotes-leprieuredesaintpierre.com\/wp-content\/uploads\/2025\/12\/01de34229b9a1b501d073862718b7dfaef1ed6b987-1620x1214.jpg 1620w, https:\/\/chambre-dhotes-leprieuredesaintpierre.com\/wp-content\/uploads\/2025\/12\/01de34229b9a1b501d073862718b7dfaef1ed6b987-400x300.jpg 400w\" sizes=\"(max-width: 2049px) 100vw, 2049px\" \/><\/figure><div class=\"elementor-image-box-content\"><h3 class=\"elementor-image-box-title\">Chambre 50's<\/h3><p class=\"elementor-image-box-description\">Chambre de 18 m\u00b2 offrant une ambiance des ann\u00e9es 50, avec salle de bain priv\u00e9e.\nPour 1 personne.\nLe petit d\u00e9jeuner est inclus dans votre s\u00e9jour<\/p><\/div><\/div>\t\t\t\t<\/div>\n\t\t\t\t<\/div>\n\t\t\t\t\t<\/div>\n\t\t\t\t<\/div>\n\t\t<div class=\"elementor-element elementor-element-ecc5e40 e-flex e-con-boxed e-con e-parent\" data-id=\"ecc5e40\" data-element_type=\"container\">\n\t\t\t\t\t<div class=\"e-con-inner\">\n\t\t<div class=\"elementor-element elementor-element-7ed609f e-con-full e-flex e-con e-child\" data-id=\"7ed609f\" data-element_type=\"container\">\n\t\t\t\t<div class=\"elementor-element elementor-element-0baeecc elementor-view-default elementor-position-top elementor-mobile-position-top elementor-widget elementor-widget-icon-box\" data-id=\"0baeecc\" data-element_type=\"widget\" data-widget_type=\"icon-box.default\">\n\t\t\t\t\t\t\t<div class=\"elementor-icon-box-wrapper\">\n\n\t\t\t\t\t\t<div class=\"elementor-icon-box-icon\">\n\t\t\t\t<span  class=\"elementor-icon\">\n\t\t\t\t<svg aria-hidden=\"true\" class=\"e-font-icon-svg e-fas-mug-hot\" viewBox=\"0 0 512 512\" xmlns=\"http:\/\/www.w3.org\/2000\/svg\"><path d=\"M127.1 146.5c1.3 7.7 8 13.5 16 13.5h16.5c9.8 0 17.6-8.5 16.3-18-3.8-28.2-16.4-54.2-36.6-74.7-14.4-14.7-23.6-33.3-26.4-53.5C111.8 5.9 105 0 96.8 0H80.4C70.6 0 63 8.5 64.1 18c3.9 31.9 18 61.3 40.6 84.4 12 12.2 19.7 27.5 22.4 44.1zm112 0c1.3 7.7 8 13.5 16 13.5h16.5c9.8 0 17.6-8.5 16.3-18-3.8-28.2-16.4-54.2-36.6-74.7-14.4-14.7-23.6-33.3-26.4-53.5C223.8 5.9 217 0 208.8 0h-16.4c-9.8 0-17.5 8.5-16.3 18 3.9 31.9 18 61.3 40.6 84.4 12 12.2 19.7 27.5 22.4 44.1zM400 192H32c-17.7 0-32 14.3-32 32v192c0 53 43 96 96 96h192c53 0 96-43 96-96h16c61.8 0 112-50.2 112-112s-50.2-112-112-112zm0 160h-16v-96h16c26.5 0 48 21.5 48 48s-21.5 48-48 48z\"><\/path><\/svg>\t\t\t\t<\/span>\n\t\t\t<\/div>\n\t\t\t\n\t\t\t\t\t\t<div class=\"elementor-icon-box-content\">\n\n\t\t\t\t\t\t\t\t\t<h3 class=\"elementor-icon-box-title\">\n\t\t\t\t\t\t<span  >\n\t\t\t\t\t\t\tPetit d\u00e9jeuner\t\t\t\t\t\t<\/span>\n\t\t\t\t\t<\/h3>\n\t\t\t\t\n\t\t\t\t\t\t\t\t\t<p class=\"elementor-icon-box-description\">\n\t\t\t\t\t\tPetit d\u00e9jeuner continental\t\t\t\t\t<\/p>\n\t\t\t\t\n\t\t\t<\/div>\n\t\t\t\n\t\t<\/div>\n\t\t\t\t\t\t<\/div>\n\t\t\t\t<\/div>\n\t\t<div class=\"elementor-element elementor-element-fbe666d e-con-full e-flex e-con e-child\" data-id=\"fbe666d\" data-element_type=\"container\">\n\t\t\t\t<div class=\"elementor-element elementor-element-e31da9e elementor-view-default elementor-position-top elementor-mobile-position-top elementor-widget elementor-widget-icon-box\" data-id=\"e31da9e\" data-element_type=\"widget\" data-widget_type=\"icon-box.default\">\n\t\t\t\t\t\t\t<div class=\"elementor-icon-box-wrapper\">\n\n\t\t\t\t\t\t<div class=\"elementor-icon-box-icon\">\n\t\t\t\t<span  class=\"elementor-icon\">\n\t\t\t\t<svg aria-hidden=\"true\" class=\"e-font-icon-svg e-fas-wifi\" viewBox=\"0 0 640 512\" xmlns=\"http:\/\/www.w3.org\/2000\/svg\"><path d=\"M634.91 154.88C457.74-8.99 182.19-8.93 5.09 154.88c-6.66 6.16-6.79 16.59-.35 22.98l34.24 33.97c6.14 6.1 16.02 6.23 22.4.38 145.92-133.68 371.3-133.71 517.25 0 6.38 5.85 16.26 5.71 22.4-.38l34.24-33.97c6.43-6.39 6.3-16.82-.36-22.98zM320 352c-35.35 0-64 28.65-64 64s28.65 64 64 64 64-28.65 64-64-28.65-64-64-64zm202.67-83.59c-115.26-101.93-290.21-101.82-405.34 0-6.9 6.1-7.12 16.69-.57 23.15l34.44 33.99c6 5.92 15.66 6.32 22.05.8 83.95-72.57 209.74-72.41 293.49 0 6.39 5.52 16.05 5.13 22.05-.8l34.44-33.99c6.56-6.46 6.33-17.06-.56-23.15z\"><\/path><\/svg>\t\t\t\t<\/span>\n\t\t\t<\/div>\n\t\t\t\n\t\t\t\t\t\t<div class=\"elementor-icon-box-content\">\n\n\t\t\t\t\t\t\t\t\t<h3 class=\"elementor-icon-box-title\">\n\t\t\t\t\t\t<span  >\n\t\t\t\t\t\t\tWiFi\t\t\t\t\t\t<\/span>\n\t\t\t\t\t<\/h3>\n\t\t\t\t\n\t\t\t\t\t\t\t\t\t<p class=\"elementor-icon-box-description\">\n\t\t\t\t\t\tWiFi gratuit\t\t\t\t\t<\/p>\n\t\t\t\t\n\t\t\t<\/div>\n\t\t\t\n\t\t<\/div>\n\t\t\t\t\t\t<\/div>\n\t\t\t\t<\/div>\n\t\t<div class=\"elementor-element elementor-element-7a7a49f e-con-full e-flex e-con e-child\" data-id=\"7a7a49f\" data-element_type=\"container\">\n\t\t\t\t<div class=\"elementor-element elementor-element-1341420 elementor-view-default elementor-position-top elementor-mobile-position-top elementor-widget elementor-widget-icon-box\" data-id=\"1341420\" data-element_type=\"widget\" data-widget_type=\"icon-box.default\">\n\t\t\t\t\t\t\t<div class=\"elementor-icon-box-wrapper\">\n\n\t\t\t\t\t\t<div class=\"elementor-icon-box-icon\">\n\t\t\t\t<span  class=\"elementor-icon\">\n\t\t\t\t<svg aria-hidden=\"true\" class=\"e-font-icon-svg e-fas-parking\" viewBox=\"0 0 448 512\" xmlns=\"http:\/\/www.w3.org\/2000\/svg\"><path d=\"M400 32H48C21.5 32 0 53.5 0 80v352c0 26.5 21.5 48 48 48h352c26.5 0 48-21.5 48-48V80c0-26.5-21.5-48-48-48zM240 320h-48v48c0 8.8-7.2 16-16 16h-32c-8.8 0-16-7.2-16-16V144c0-8.8 7.2-16 16-16h96c52.9 0 96 43.1 96 96s-43.1 96-96 96zm0-128h-48v64h48c17.6 0 32-14.4 32-32s-14.4-32-32-32z\"><\/path><\/svg>\t\t\t\t<\/span>\n\t\t\t<\/div>\n\t\t\t\n\t\t\t\t\t\t<div class=\"elementor-icon-box-content\">\n\n\t\t\t\t\t\t\t\t\t<h3 class=\"elementor-icon-box-title\">\n\t\t\t\t\t\t<span  >\n\t\t\t\t\t\t\tParking gratuit\t\t\t\t\t\t<\/span>\n\t\t\t\t\t<\/h3>\n\t\t\t\t\n\t\t\t\t\t\t\t\t\t<p class=\"elementor-icon-box-description\">\n\t\t\t\t\t\tParking gratuit\t\t\t\t\t<\/p>\n\t\t\t\t\n\t\t\t<\/div>\n\t\t\t\n\t\t<\/div>\n\t\t\t\t\t\t<\/div>\n\t\t\t\t<\/div>\n\t\t<div class=\"elementor-element elementor-element-7b90fff e-con-full e-flex e-con e-child\" data-id=\"7b90fff\" data-element_type=\"container\">\n\t\t\t\t<div class=\"elementor-element elementor-element-050a9b3 elementor-view-default elementor-position-top elementor-mobile-position-top elementor-widget elementor-widget-icon-box\" data-id=\"050a9b3\" data-element_type=\"widget\" data-widget_type=\"icon-box.default\">\n\t\t\t\t\t\t\t<div class=\"elementor-icon-box-wrapper\">\n\n\t\t\t\t\t\t<div class=\"elementor-icon-box-icon\">\n\t\t\t\t<span  class=\"elementor-icon\">\n\t\t\t\t<svg aria-hidden=\"true\" class=\"e-font-icon-svg e-fas-swimming-pool\" viewBox=\"0 0 640 512\" xmlns=\"http:\/\/www.w3.org\/2000\/svg\"><path d=\"M624 416h-16c-26.04 0-45.8-8.42-56.09-17.9-8.9-8.21-19.66-14.1-31.77-14.1h-16.3c-12.11 0-22.87 5.89-31.77 14.1C461.8 407.58 442.04 416 416 416s-45.8-8.42-56.09-17.9c-8.9-8.21-19.66-14.1-31.77-14.1h-16.3c-12.11 0-22.87 5.89-31.77 14.1C269.8 407.58 250.04 416 224 416s-45.8-8.42-56.09-17.9c-8.9-8.21-19.66-14.1-31.77-14.1h-16.3c-12.11 0-22.87 5.89-31.77 14.1C77.8 407.58 58.04 416 32 416H16c-8.84 0-16 7.16-16 16v32c0 8.84 7.16 16 16 16h16c38.62 0 72.72-12.19 96-31.84 23.28 19.66 57.38 31.84 96 31.84s72.72-12.19 96-31.84c23.28 19.66 57.38 31.84 96 31.84s72.72-12.19 96-31.84c23.28 19.66 57.38 31.84 96 31.84h16c8.84 0 16-7.16 16-16v-32c0-8.84-7.16-16-16-16zm-400-32v-96h192v96c19.12 0 30.86-6.16 34.39-9.42 9.17-8.46 19.2-14.34 29.61-18.07V128c0-17.64 14.36-32 32-32s32 14.36 32 32v16c0 8.84 7.16 16 16 16h32c8.84 0 16-7.16 16-16v-16c0-52.94-43.06-96-96-96s-96 43.06-96 96v96H224v-96c0-17.64 14.36-32 32-32s32 14.36 32 32v16c0 8.84 7.16 16 16 16h32c8.84 0 16-7.16 16-16v-16c0-52.94-43.06-96-96-96s-96 43.06-96 96v228.5c10.41 3.73 20.44 9.62 29.61 18.07 3.53 3.27 15.27 9.43 34.39 9.43z\"><\/path><\/svg>\t\t\t\t<\/span>\n\t\t\t<\/div>\n\t\t\t\n\t\t\t\t\t\t<div class=\"elementor-icon-box-content\">\n\n\t\t\t\t\t\t\t\t\t<h3 class=\"elementor-icon-box-title\">\n\t\t\t\t\t\t<span  >\n\t\t\t\t\t\t\tPiscine\t\t\t\t\t\t<\/span>\n\t\t\t\t\t<\/h3>\n\t\t\t\t\n\t\t\t\t\t\t\t\t\t<p class=\"elementor-icon-box-description\">\n\t\t\t\t\t\tAccessible suivant les horaires\t\t\t\t\t<\/p>\n\t\t\t\t\n\t\t\t<\/div>\n\t\t\t\n\t\t<\/div>\n\t\t\t\t\t\t<\/div>\n\t\t\t\t<\/div>\n\t\t\t\t\t<\/div>\n\t\t\t\t<\/div>\n\t\t<div class=\"elementor-element elementor-element-7441a1e e-flex e-con-boxed e-con e-parent\" data-id=\"7441a1e\" data-element_type=\"container\">\n\t\t\t\t\t<div class=\"e-con-inner\">\n\t\t<div class=\"elementor-element elementor-element-4c40ad6 e-con-full e-flex e-con e-child\" data-id=\"4c40ad6\" data-element_type=\"container\">\n\t\t\t\t<div class=\"elementor-element elementor-element-b136f32 elementor-widget elementor-widget-testimonial\" data-id=\"b136f32\" data-element_type=\"widget\" data-widget_type=\"testimonial.default\">\n\t\t\t\t\t\t\t<div class=\"elementor-testimonial-wrapper\">\n\t\t\t\t\t\t\t<div class=\"elementor-testimonial-content\">L'accueil d'Eric a \u00e9t\u00e9 exceptionnel. D\u00e8s notre arriv\u00e9e, il nous re\u00e7u avec beaucoup de bienveillance, ce qui nous a imm\u00e9diatement mis \u00e0 l'aise.\nUn v\u00e9ritable havre de Paix... D\u00e9paysement, confort, cadre et propret\u00e9.\nNous reviendrons avec plaisir\nSabrina et Jos\u00e9<\/div>\n\t\t\t\n\t\t\t\t\t<\/div>\n\t\t\t\t\t\t<\/div>\n\t\t\t\t<\/div>\n\t\t<div class=\"elementor-element elementor-element-f81c938 e-con-full e-flex e-con e-child\" data-id=\"f81c938\" data-element_type=\"container\">\n\t\t\t\t<div class=\"elementor-element elementor-element-9a0ca47 elementor-widget elementor-widget-testimonial\" data-id=\"9a0ca47\" data-element_type=\"widget\" data-widget_type=\"testimonial.default\">\n\t\t\t\t\t\t\t<div class=\"elementor-testimonial-wrapper\">\n\t\t\t\t\t\t\t<div class=\"elementor-testimonial-content\">La propri\u00e9t\u00e9 est situ\u00e9e sur la colline avec une vue imprenable.\nLa maison a une ambiance Fran\u00e7aise incroyable et est situ\u00e9e \u00e0 proximit\u00e9 de la r\u00e9gion de Saint-Emilion\/ Bergerac \/ Bordeaux.\nAnna<\/div>\n\t\t\t\n\t\t\t\t\t<\/div>\n\t\t\t\t\t\t<\/div>\n\t\t\t\t<\/div>\n\t\t\t\t\t<\/div>\n\t\t\t\t<\/div>\n\t\t<div class=\"elementor-element elementor-element-f790d63 e-flex e-con-boxed e-con e-parent\" data-id=\"f790d63\" data-element_type=\"container\">\n\t\t\t\t\t<div class=\"e-con-inner\">\n\t\t\t\t<div class=\"elementor-element elementor-element-33e790e elementor-widget elementor-widget-google_maps\" data-id=\"33e790e\" data-element_type=\"widget\" data-widget_type=\"google_maps.default\">\n\t\t\t\t\t\t\t<div class=\"elementor-custom-embed\">\n\t\t\t<iframe loading=\"lazy\"\n\t\t\t\t\tsrc=\"https:\/\/maps.google.com\/maps?q=Le%20Prieur%C3%A9%20de%20Saint%20Pierre%2C%20Saint%20pey%20de%20Castets&#038;t=m&#038;z=15&#038;output=embed&#038;iwloc=near\"\n\t\t\t\t\ttitle=\"Le Prieur\u00e9 de Saint Pierre, Saint pey de Castets\"\n\t\t\t\t\taria-label=\"Le Prieur\u00e9 de Saint Pierre, Saint pey de Castets\"\n\t\t\t><\/iframe>\n\t\t<\/div>\n\t\t\t\t\t\t<\/div>\n\t\t\t\t\t<\/div>\n\t\t\t\t<\/div>\n\t\t\t\t<\/div>\n\t\t","protected":false},"excerpt":{"rendered":"<p>Chambres d&#8217;h\u00f4tes de charme D\u00e9couvrir nos chambres Bienvenue au Prieur\u00e9 Nich\u00e9 au c\u0153ur du charmant village de Saint Pey de Castets, notre maison d\u2019h\u00f4tes vous ouvre ses portes pour une parenth\u00e8se de calme et d\u2019authenticit\u00e9. Venez profiter du charme des vieilles pierres et de la douceur de vivre de notre r\u00e9gion. Que ce soit pour [&hellip;]<\/p>\n","protected":false},"author":1,"featured_media":0,"parent":0,"menu_order":0,"comment_status":"closed","ping_status":"closed","template":"","meta":{"inline_featured_image":false,"footnotes":""},"class_list":["post-537","page","type-page","status-publish","hentry"],"_links":{"self":[{"href":"https:\/\/chambre-dhotes-leprieuredesaintpierre.com\/index.php\/wp-json\/wp\/v2\/pages\/537","targetHints":{"allow":["GET"]}}],"collection":[{"href":"https:\/\/chambre-dhotes-leprieuredesaintpierre.com\/index.php\/wp-json\/wp\/v2\/pages"}],"about":[{"href":"https:\/\/chambre-dhotes-leprieuredesaintpierre.com\/index.php\/wp-json\/wp\/v2\/types\/page"}],"author":[{"embeddable":true,"href":"https:\/\/chambre-dhotes-leprieuredesaintpierre.com\/index.php\/wp-json\/wp\/v2\/users\/1"}],"replies":[{"embeddable":true,"href":"https:\/\/chambre-dhotes-leprieuredesaintpierre.com\/index.php\/wp-json\/wp\/v2\/comments?post=537"}],"version-history":[{"count":37,"href":"https:\/\/chambre-dhotes-leprieuredesaintpierre.com\/index.php\/wp-json\/wp\/v2\/pages\/537\/revisions"}],"predecessor-version":[{"id":616,"href":"https:\/\/chambre-dhotes-leprieuredesaintpierre.com\/index.php\/wp-json\/wp\/v2\/pages\/537\/revisions\/616"}],"wp:attachment":[{"href":"https:\/\/chambre-dhotes-leprieuredesaintpierre.com\/index.php\/wp-json\/wp\/v2\/media?parent=537"}],"curies":[{"name":"wp","href":"https:\/\/api.w.org\/{rel}","templated":true}]}}