{"id":6,"date":"2025-11-26T16:42:29","date_gmt":"2025-11-26T16:42:29","guid":{"rendered":"https:\/\/chambre-dhotes-leprieuredesaintpierre.com\/index.php\/accommodations\/"},"modified":"2025-11-28T15:47:42","modified_gmt":"2025-11-28T15:47:42","slug":"accommodations","status":"publish","type":"page","link":"https:\/\/chambre-dhotes-leprieuredesaintpierre.com\/index.php\/accommodations\/","title":{"rendered":"H\u00e9bergements"},"content":{"rendered":"<div class=\"mphb_sc_rooms-wrapper mphb-room-types \">    <div class=\"rooms-wrapper\">\n\t\n<div class=\"mphb-room-type post-47 mphb_room_type type-mphb_room_type status-publish has-post-thumbnail mphb-room-type-adults-2 mphb-room-type-children-0 \">\n\n\t\n\t\n\n\t<div class=\"mphb-room-type-images\">\n\t<div id='mphb-flexslider-gallery-1' class='gallery-columns-1 gallery-size-albatross-large mphb-gallery-main-slider mphb-flexslider-gallery-wrapper mphb-room-type-gallery-wrapper mphb-gallery-main-slider-69df7db81a230' data-flexslider-atts='{\"animation\":\"slide\",\"controlNav\":false,\"animationLoop\":true,\"smoothHeight\":true,\"slideshow\":false,\"prevText\":\"<svg width=\\\"18\\\" height=\\\"15\\\" viewBox=\\\"0 0 18 15\\\" fill=\\\"none\\\" xmlns=\\\"http:\\\/\\\/www.w3.org\\\/2000\\\/svg\\\">\\n\\t\\t\\t\\t\\t\\t\\t<path d=\\\"M0.292893 8.23396C-0.0976311 7.84344 -0.0976311 7.21027 0.292893 6.81975L6.65685\\n\\t\\t\\t\\t\\t\\t\\t0.455787C7.04738 0.0652627 7.68054 0.0652627 8.07107 0.455787C8.46159 0.846311 8.46159\\n\\t\\t\\t\\t\\t\\t\\t1.47948 8.07107 1.87L2.41421 7.52686L8.07107 13.1837C8.46159 13.5742 8.46159 14.2074\\n\\t\\t\\t\\t\\t\\t\\t8.07107 14.5979C7.68054 14.9884 7.04738 14.9884 6.65685 14.5979L0.292893 8.23396ZM1\\n\\t\\t\\t\\t\\t\\t\\t6.52686L18 6.52685L18 8.52685L1 8.52686L1 6.52686Z\\\"\\\/><\\\/svg>\",\"nextText\":\"<svg width=\\\"19\\\" height=\\\"15\\\" viewBox=\\\"0 0 19 15\\\" fill=\\\"none\\\" xmlns=\\\"http:\\\/\\\/www.w3.org\\\/2000\\\/svg\\\">\\n\\t\\t\\t\\t\\t\\t\\t<path d=\\\"M17.7608 8.23396C18.1513 7.84344 18.1513 7.21027 17.7608 6.81975L11.3969\\n\\t\\t\\t\\t\\t\\t\\t0.455787C11.0063 0.0652627 10.3732 0.0652627 9.98264 0.455787C9.59212 0.846311 9.59212\\n\\t\\t\\t\\t\\t\\t\\t1.47948 9.98264 1.87L15.6395 7.52686L9.98264 13.1837C9.59212 13.5742 9.59212 14.2074\\n\\t\\t\\t\\t\\t\\t\\t9.98264 14.5979C10.3732 14.9884 11.0063 14.9884 11.3969 14.5979L17.7608 8.23396ZM17.0537\\n\\t\\t\\t\\t\\t\\t\\t6.52686L0.053711 6.52685L0.0537109 8.52685L17.0537 8.52686L17.0537 6.52686Z\\\"\\\/><\\\/svg>\"}' data-group='69df7db81a230'><ul class=\"slides\"><li class='gallery-item'><span class='gallery-icon portrait'>\n\t\t\t\t<a href=\"https:\/\/chambre-dhotes-leprieuredesaintpierre.com\/index.php\/accommodation\/chambre-le-prieure\/\"><img fetchpriority=\"high\" decoding=\"async\" width=\"488\" height=\"650\" src=\"https:\/\/chambre-dhotes-leprieuredesaintpierre.com\/wp-content\/uploads\/2025\/11\/IMG_9083-scaled.jpg\" class=\"attachment-albatross-large size-albatross-large\" alt=\"\" srcset=\"https:\/\/chambre-dhotes-leprieuredesaintpierre.com\/wp-content\/uploads\/2025\/11\/IMG_9083-scaled.jpg 1920w, https:\/\/chambre-dhotes-leprieuredesaintpierre.com\/wp-content\/uploads\/2025\/11\/IMG_9083-225x300.jpg 225w, https:\/\/chambre-dhotes-leprieuredesaintpierre.com\/wp-content\/uploads\/2025\/11\/IMG_9083-768x1024.jpg 768w, https:\/\/chambre-dhotes-leprieuredesaintpierre.com\/wp-content\/uploads\/2025\/11\/IMG_9083-1152x1536.jpg 1152w, https:\/\/chambre-dhotes-leprieuredesaintpierre.com\/wp-content\/uploads\/2025\/11\/IMG_9083-1536x2048.jpg 1536w\" sizes=\"(max-width: 488px) 100vw, 488px\" \/><\/a>\n\t\t\t<\/span><\/li><li class='gallery-item'><span class='gallery-icon portrait'>\n\t\t\t\t<a href=\"https:\/\/chambre-dhotes-leprieuredesaintpierre.com\/index.php\/accommodation\/chambre-le-prieure\/\"><img decoding=\"async\" width=\"488\" height=\"650\" src=\"https:\/\/chambre-dhotes-leprieuredesaintpierre.com\/wp-content\/uploads\/2025\/11\/IMG_9080-scaled.jpg\" class=\"attachment-albatross-large size-albatross-large\" alt=\"\" srcset=\"https:\/\/chambre-dhotes-leprieuredesaintpierre.com\/wp-content\/uploads\/2025\/11\/IMG_9080-scaled.jpg 1920w, https:\/\/chambre-dhotes-leprieuredesaintpierre.com\/wp-content\/uploads\/2025\/11\/IMG_9080-225x300.jpg 225w, https:\/\/chambre-dhotes-leprieuredesaintpierre.com\/wp-content\/uploads\/2025\/11\/IMG_9080-768x1024.jpg 768w, https:\/\/chambre-dhotes-leprieuredesaintpierre.com\/wp-content\/uploads\/2025\/11\/IMG_9080-1152x1536.jpg 1152w, https:\/\/chambre-dhotes-leprieuredesaintpierre.com\/wp-content\/uploads\/2025\/11\/IMG_9080-1536x2048.jpg 1536w\" sizes=\"(max-width: 488px) 100vw, 488px\" \/><\/a>\n\t\t\t<\/span><\/li><li class='gallery-item'><span class='gallery-icon landscape'>\n\t\t\t\t<a href=\"https:\/\/chambre-dhotes-leprieuredesaintpierre.com\/index.php\/accommodation\/chambre-le-prieure\/\"><img decoding=\"async\" width=\"867\" height=\"650\" src=\"https:\/\/chambre-dhotes-leprieuredesaintpierre.com\/wp-content\/uploads\/2025\/11\/IMG_9079-scaled.jpg\" class=\"attachment-albatross-large size-albatross-large\" alt=\"\" srcset=\"https:\/\/chambre-dhotes-leprieuredesaintpierre.com\/wp-content\/uploads\/2025\/11\/IMG_9079-scaled.jpg 2560w, https:\/\/chambre-dhotes-leprieuredesaintpierre.com\/wp-content\/uploads\/2025\/11\/IMG_9079-300x225.jpg 300w, https:\/\/chambre-dhotes-leprieuredesaintpierre.com\/wp-content\/uploads\/2025\/11\/IMG_9079-1024x768.jpg 1024w, https:\/\/chambre-dhotes-leprieuredesaintpierre.com\/wp-content\/uploads\/2025\/11\/IMG_9079-768x576.jpg 768w, https:\/\/chambre-dhotes-leprieuredesaintpierre.com\/wp-content\/uploads\/2025\/11\/IMG_9079-1536x1152.jpg 1536w, https:\/\/chambre-dhotes-leprieuredesaintpierre.com\/wp-content\/uploads\/2025\/11\/IMG_9079-2048x1536.jpg 2048w\" sizes=\"(max-width: 867px) 100vw, 867px\" \/><\/a>\n\t\t\t<\/span><\/li><li class='gallery-item'><span class='gallery-icon landscape'>\n\t\t\t\t<a href=\"https:\/\/chambre-dhotes-leprieuredesaintpierre.com\/index.php\/accommodation\/chambre-le-prieure\/\"><img loading=\"lazy\" decoding=\"async\" width=\"867\" height=\"650\" src=\"https:\/\/chambre-dhotes-leprieuredesaintpierre.com\/wp-content\/uploads\/2025\/11\/IMG_9077-scaled.jpg\" class=\"attachment-albatross-large size-albatross-large\" alt=\"\" srcset=\"https:\/\/chambre-dhotes-leprieuredesaintpierre.com\/wp-content\/uploads\/2025\/11\/IMG_9077-scaled.jpg 2560w, https:\/\/chambre-dhotes-leprieuredesaintpierre.com\/wp-content\/uploads\/2025\/11\/IMG_9077-300x225.jpg 300w, https:\/\/chambre-dhotes-leprieuredesaintpierre.com\/wp-content\/uploads\/2025\/11\/IMG_9077-1024x768.jpg 1024w, https:\/\/chambre-dhotes-leprieuredesaintpierre.com\/wp-content\/uploads\/2025\/11\/IMG_9077-768x576.jpg 768w, https:\/\/chambre-dhotes-leprieuredesaintpierre.com\/wp-content\/uploads\/2025\/11\/IMG_9077-1536x1152.jpg 1536w, https:\/\/chambre-dhotes-leprieuredesaintpierre.com\/wp-content\/uploads\/2025\/11\/IMG_9077-2048x1536.jpg 2048w\" sizes=\"(max-width: 867px) 100vw, 867px\" \/><\/a>\n\t\t\t<\/span><\/li><li class='gallery-item'><span class='gallery-icon portrait'>\n\t\t\t\t<a href=\"https:\/\/chambre-dhotes-leprieuredesaintpierre.com\/index.php\/accommodation\/chambre-le-prieure\/\"><img loading=\"lazy\" decoding=\"async\" width=\"488\" height=\"650\" src=\"https:\/\/chambre-dhotes-leprieuredesaintpierre.com\/wp-content\/uploads\/2025\/11\/IMG_9074-scaled.jpg\" class=\"attachment-albatross-large size-albatross-large\" alt=\"\" srcset=\"https:\/\/chambre-dhotes-leprieuredesaintpierre.com\/wp-content\/uploads\/2025\/11\/IMG_9074-scaled.jpg 1920w, https:\/\/chambre-dhotes-leprieuredesaintpierre.com\/wp-content\/uploads\/2025\/11\/IMG_9074-225x300.jpg 225w, https:\/\/chambre-dhotes-leprieuredesaintpierre.com\/wp-content\/uploads\/2025\/11\/IMG_9074-768x1024.jpg 768w, https:\/\/chambre-dhotes-leprieuredesaintpierre.com\/wp-content\/uploads\/2025\/11\/IMG_9074-1152x1536.jpg 1152w, https:\/\/chambre-dhotes-leprieuredesaintpierre.com\/wp-content\/uploads\/2025\/11\/IMG_9074-1536x2048.jpg 1536w\" sizes=\"(max-width: 488px) 100vw, 488px\" \/><\/a>\n\t\t\t<\/span><\/li><li class='gallery-item'><span class='gallery-icon landscape'>\n\t\t\t\t<a href=\"https:\/\/chambre-dhotes-leprieuredesaintpierre.com\/index.php\/accommodation\/chambre-le-prieure\/\"><img loading=\"lazy\" decoding=\"async\" width=\"867\" height=\"650\" src=\"https:\/\/chambre-dhotes-leprieuredesaintpierre.com\/wp-content\/uploads\/2025\/11\/IMG_9075-scaled.jpg\" class=\"attachment-albatross-large size-albatross-large\" alt=\"\" srcset=\"https:\/\/chambre-dhotes-leprieuredesaintpierre.com\/wp-content\/uploads\/2025\/11\/IMG_9075-scaled.jpg 2560w, https:\/\/chambre-dhotes-leprieuredesaintpierre.com\/wp-content\/uploads\/2025\/11\/IMG_9075-300x225.jpg 300w, https:\/\/chambre-dhotes-leprieuredesaintpierre.com\/wp-content\/uploads\/2025\/11\/IMG_9075-1024x768.jpg 1024w, https:\/\/chambre-dhotes-leprieuredesaintpierre.com\/wp-content\/uploads\/2025\/11\/IMG_9075-768x576.jpg 768w, https:\/\/chambre-dhotes-leprieuredesaintpierre.com\/wp-content\/uploads\/2025\/11\/IMG_9075-1536x1152.jpg 1536w, https:\/\/chambre-dhotes-leprieuredesaintpierre.com\/wp-content\/uploads\/2025\/11\/IMG_9075-2048x1536.jpg 2048w\" sizes=\"(max-width: 867px) 100vw, 867px\" \/><\/a>\n\t\t\t<\/span><\/li><\/ul>\n\t\t<\/div>\n\n\t<\/div>\n\t        <div class=\"mphb-room-type-content-wrapper\">\n            <div class=\"mphb-room-type-content\">\n\t\t\t\t                    <div class=\"mphb-room-type-description\">\n\t\t\t\t\t\t\n<h2 class=\"mphb-room-type-title entry-title\">\n\n<a class=\"mphb-room-type-title\" href=\"https:\/\/chambre-dhotes-leprieuredesaintpierre.com\/index.php\/accommodation\/chambre-le-prieure\/\">Chambre Le Prieur\u00e9<\/a>\n\n<\/h2>\n                            <div class=\"mphb-room-type-excerpt\">\n\t\t\t\t\t\t\t\t\n\n<p>Chambre double calme avec salle de bain priv\u00e9e.<br \/>\nId\u00e9ale pour un s\u00e9jour d\u00e9tente \u00e0 deux, avec une vue agr\u00e9able sur le jardin.<br \/>\nPetit-d\u00e9jeuner inclus.<\/p>\n\n                            <\/div>\n\t\t\t\t\t\t\n<h3 class=\"mphb-room-type-details-title\">D\u00e9tails<\/h3><ul class=\"mphb-loop-room-type-attributes\">\n\n\n\t<li class=\"mphb-room-type-adults-capacity\"><span class=\"mphb-attribute-title mphb-adults-title\">Invit\u00e9s:<\/span><span class=\"mphb-attribute-value\">\n\t2\n\t<\/span><\/li>\n\t\n\n\n\n\t<li class=\"mphb-room-type-view\"><span class=\"mphb-attribute-title mphb-view-title\">Vue :<\/span><span class=\"mphb-attribute-value\">\n\tVue sur le jardin\n\t<\/span><\/li>\n\t\n\n\n\n\t<li class=\"mphb-room-type-bed-type\"><span  class=\"mphb-attribute-title mphb-bed-type-title\">Type de lit :<\/span><span class=\"mphb-attribute-value\">\n\tLit double\n\t<\/span><\/li>\n\t\n\n<\/ul>                    <\/div>\n\t\t\t\t                    <div class=\"mphb-room-type-buttons\">\n\t\t\t\t\t\t\n<div class=\"mphb-to-book-btn-wrapper\">\n<form action=\"https:\/\/chambre-dhotes-leprieuredesaintpierre.com\/index.php\/accommodation\/chambre-le-prieure\/#booking-form-47\" method=\"get\" ><button type=\"submit\" class=\"button mphb-book-button\" ><svg enable-background=\"new 0 0 30.99 6.99\" \n\t\t\t\tviewBox=\"0 0 30.99 6.99\" xml:space=\"preserve\" xmlns=\"http:\/\/www.w3.org\/2000\/svg\">\n            \t<rect y=\"3\" width=\"30\" height=\"1\"><\/rect><polyline points=\"26.78 0.68 28.18 2.08 29.58 3.48 26.8 6.26 \n            \t27.53 6.99 30.99 3.53 27.46 0\"><\/polyline><\/svg>Book now<\/button><\/form>\n<\/div>\n<p class=\"mphb-view-details-button-wrapper\">\n<a class=\"button mphb-view-details-button\" href=\"https:\/\/chambre-dhotes-leprieuredesaintpierre.com\/index.php\/accommodation\/chambre-le-prieure\/\" >Voir les d\u00e9tails<\/a>\n<\/p>                    <\/div>\n\t\t\t\t            <\/div>\n        <\/div>\n\t\n<\/div>\n\n\n<div class=\"mphb-room-type post-21 mphb_room_type type-mphb_room_type status-publish has-post-thumbnail mphb-room-type-adults-2 mphb-room-type-children-0 \">\n\n\t\n\t\n\n\t<div class=\"mphb-room-type-images\">\n\t<div id='mphb-flexslider-gallery-2' class='gallery-columns-1 gallery-size-albatross-large mphb-gallery-main-slider mphb-flexslider-gallery-wrapper mphb-room-type-gallery-wrapper mphb-gallery-main-slider-69df7db81edd8' data-flexslider-atts='{\"animation\":\"slide\",\"controlNav\":false,\"animationLoop\":true,\"smoothHeight\":true,\"slideshow\":false,\"prevText\":\"<svg width=\\\"18\\\" height=\\\"15\\\" viewBox=\\\"0 0 18 15\\\" fill=\\\"none\\\" xmlns=\\\"http:\\\/\\\/www.w3.org\\\/2000\\\/svg\\\">\\n\\t\\t\\t\\t\\t\\t\\t<path d=\\\"M0.292893 8.23396C-0.0976311 7.84344 -0.0976311 7.21027 0.292893 6.81975L6.65685\\n\\t\\t\\t\\t\\t\\t\\t0.455787C7.04738 0.0652627 7.68054 0.0652627 8.07107 0.455787C8.46159 0.846311 8.46159\\n\\t\\t\\t\\t\\t\\t\\t1.47948 8.07107 1.87L2.41421 7.52686L8.07107 13.1837C8.46159 13.5742 8.46159 14.2074\\n\\t\\t\\t\\t\\t\\t\\t8.07107 14.5979C7.68054 14.9884 7.04738 14.9884 6.65685 14.5979L0.292893 8.23396ZM1\\n\\t\\t\\t\\t\\t\\t\\t6.52686L18 6.52685L18 8.52685L1 8.52686L1 6.52686Z\\\"\\\/><\\\/svg>\",\"nextText\":\"<svg width=\\\"19\\\" height=\\\"15\\\" viewBox=\\\"0 0 19 15\\\" fill=\\\"none\\\" xmlns=\\\"http:\\\/\\\/www.w3.org\\\/2000\\\/svg\\\">\\n\\t\\t\\t\\t\\t\\t\\t<path d=\\\"M17.7608 8.23396C18.1513 7.84344 18.1513 7.21027 17.7608 6.81975L11.3969\\n\\t\\t\\t\\t\\t\\t\\t0.455787C11.0063 0.0652627 10.3732 0.0652627 9.98264 0.455787C9.59212 0.846311 9.59212\\n\\t\\t\\t\\t\\t\\t\\t1.47948 9.98264 1.87L15.6395 7.52686L9.98264 13.1837C9.59212 13.5742 9.59212 14.2074\\n\\t\\t\\t\\t\\t\\t\\t9.98264 14.5979C10.3732 14.9884 11.0063 14.9884 11.3969 14.5979L17.7608 8.23396ZM17.0537\\n\\t\\t\\t\\t\\t\\t\\t6.52686L0.053711 6.52685L0.0537109 8.52685L17.0537 8.52686L17.0537 6.52686Z\\\"\\\/><\\\/svg>\"}' data-group='69df7db81edd8'><ul class=\"slides\"><li class='gallery-item'><span class='gallery-icon landscape'>\n\t\t\t\t<a href=\"https:\/\/chambre-dhotes-leprieuredesaintpierre.com\/index.php\/accommodation\/chambre-30s\/\"><img loading=\"lazy\" decoding=\"async\" width=\"360\" height=\"200\" src=\"https:\/\/chambre-dhotes-leprieuredesaintpierre.com\/wp-content\/uploads\/2020\/11\/restaurant3.jpg\" class=\"attachment-albatross-large size-albatross-large\" alt=\"\" srcset=\"https:\/\/chambre-dhotes-leprieuredesaintpierre.com\/wp-content\/uploads\/2020\/11\/restaurant3.jpg 360w, https:\/\/chambre-dhotes-leprieuredesaintpierre.com\/wp-content\/uploads\/2020\/11\/restaurant3-300x167.jpg 300w\" sizes=\"(max-width: 360px) 100vw, 360px\" \/><\/a>\n\t\t\t<\/span><\/li><\/ul>\n\t\t<\/div>\n\n\t<\/div>\n\t        <div class=\"mphb-room-type-content-wrapper\">\n            <div class=\"mphb-room-type-content\">\n\t\t\t\t                    <div class=\"mphb-room-type-description\">\n\t\t\t\t\t\t\n<h2 class=\"mphb-room-type-title entry-title\">\n\n<a class=\"mphb-room-type-title\" href=\"https:\/\/chambre-dhotes-leprieuredesaintpierre.com\/index.php\/accommodation\/chambre-30s\/\">Chambre 30&#8217;s<\/a>\n\n<\/h2>\n                            <div class=\"mphb-room-type-excerpt\">\n\t\t\t\t\t\t\t\t\n\n<p>Chambre double confortable au style ann\u00e9es 30, d\u00e9cor\u00e9e avec charme et authenticit\u00e9.<br \/>\nVue sur piscine, salle de bain priv\u00e9e et petit-d\u00e9jeuner inclus.<br \/>\nId\u00e9ale pour un s\u00e9jour relaxant \u00e0 deux.<\/p>\n\n                            <\/div>\n\t\t\t\t\t\t\n<h3 class=\"mphb-room-type-details-title\">D\u00e9tails<\/h3><ul class=\"mphb-loop-room-type-attributes\">\n\n\n\t<li class=\"mphb-room-type-adults-capacity\"><span class=\"mphb-attribute-title mphb-adults-title\">Invit\u00e9s:<\/span><span class=\"mphb-attribute-value\">\n\t2\n\t<\/span><\/li>\n\t\n\n\n\n\t<li class=\"mphb-room-type-view\"><span class=\"mphb-attribute-title mphb-view-title\">Vue :<\/span><span class=\"mphb-attribute-value\">\n\tVue sur piscine\n\t<\/span><\/li>\n\t\n\n\n\t<li class=\"mphb-room-type-size\"><span class=\"mphb-attribute-title mphb-size-title\">Taille :<\/span><span class=\"mphb-attribute-value\">\n\t34m\u00b2\n\t<\/span><\/li>\n\t\n\n\t<li class=\"mphb-room-type-bed-type\"><span  class=\"mphb-attribute-title mphb-bed-type-title\">Type de lit :<\/span><span class=\"mphb-attribute-value\">\n\tLit double\n\t<\/span><\/li>\n\t\n\n<\/ul>                    <\/div>\n\t\t\t\t                    <div class=\"mphb-room-type-buttons\">\n\t\t\t\t\t\t\n<div class=\"mphb-to-book-btn-wrapper\">\n<form action=\"https:\/\/chambre-dhotes-leprieuredesaintpierre.com\/index.php\/accommodation\/chambre-30s\/#booking-form-21\" method=\"get\" ><button type=\"submit\" class=\"button mphb-book-button\" ><svg enable-background=\"new 0 0 30.99 6.99\" \n\t\t\t\tviewBox=\"0 0 30.99 6.99\" xml:space=\"preserve\" xmlns=\"http:\/\/www.w3.org\/2000\/svg\">\n            \t<rect y=\"3\" width=\"30\" height=\"1\"><\/rect><polyline points=\"26.78 0.68 28.18 2.08 29.58 3.48 26.8 6.26 \n            \t27.53 6.99 30.99 3.53 27.46 0\"><\/polyline><\/svg>Book now<\/button><\/form>\n<\/div>\n<p class=\"mphb-view-details-button-wrapper\">\n<a class=\"button mphb-view-details-button\" href=\"https:\/\/chambre-dhotes-leprieuredesaintpierre.com\/index.php\/accommodation\/chambre-30s\/\" >Voir les d\u00e9tails<\/a>\n<\/p>                    <\/div>\n\t\t\t\t            <\/div>\n        <\/div>\n\t\n<\/div>\n\n    <\/div>\n\t<\/div>\n","protected":false},"excerpt":{"rendered":"","protected":false},"author":1,"featured_media":0,"parent":0,"menu_order":0,"comment_status":"closed","ping_status":"closed","template":"","meta":{"inline_featured_image":false,"footnotes":""},"class_list":["post-6","page","type-page","status-publish","hentry"],"_links":{"self":[{"href":"https:\/\/chambre-dhotes-leprieuredesaintpierre.com\/index.php\/wp-json\/wp\/v2\/pages\/6","targetHints":{"allow":["GET"]}}],"collection":[{"href":"https:\/\/chambre-dhotes-leprieuredesaintpierre.com\/index.php\/wp-json\/wp\/v2\/pages"}],"about":[{"href":"https:\/\/chambre-dhotes-leprieuredesaintpierre.com\/index.php\/wp-json\/wp\/v2\/types\/page"}],"author":[{"embeddable":true,"href":"https:\/\/chambre-dhotes-leprieuredesaintpierre.com\/index.php\/wp-json\/wp\/v2\/users\/1"}],"replies":[{"embeddable":true,"href":"https:\/\/chambre-dhotes-leprieuredesaintpierre.com\/index.php\/wp-json\/wp\/v2\/comments?post=6"}],"version-history":[{"count":1,"href":"https:\/\/chambre-dhotes-leprieuredesaintpierre.com\/index.php\/wp-json\/wp\/v2\/pages\/6\/revisions"}],"predecessor-version":[{"id":115,"href":"https:\/\/chambre-dhotes-leprieuredesaintpierre.com\/index.php\/wp-json\/wp\/v2\/pages\/6\/revisions\/115"}],"wp:attachment":[{"href":"https:\/\/chambre-dhotes-leprieuredesaintpierre.com\/index.php\/wp-json\/wp\/v2\/media?parent=6"}],"curies":[{"name":"wp","href":"https:\/\/api.w.org\/{rel}","templated":true}]}}